{"id":461,"date":"2024-04-23T15:16:57","date_gmt":"2024-04-23T15:16:57","guid":{"rendered":"https:\/\/www.yaggatatam.com\/?page_id=461"},"modified":"2025-02-19T15:30:49","modified_gmt":"2025-02-19T15:30:49","slug":"loeffelschlagen-lernen","status":"publish","type":"page","link":"https:\/\/www.yaggatatam.com\/index.php\/loeffelschlagen\/loeffelschlagen-lernen\/","title":{"rendered":"L\u00f6ffelschlagen lernen"},"content":{"rendered":"\n<p style=\"font-size:26px\">Wenn die Musik aufspielt \u00fcbernimmst du den Rhythmus: beim Boarischen, bei der Polka, bei irischen Jigs und Reels oder, ja, auch bei heisser Rockmusik! Im Kurs L\u00f6ffelschlagen lernst du die Grundlagen dazu und vertiefst diese im Zusammenspiel mit der Gruppe im Rahmen praktischer \u00dcbungen.<br>  <\/p>\n\n\n\n<p class=\"has-headings-color has-text-color\" style=\"font-size:26px\"><strong>Hinweise\/Konditionen<\/strong><\/p>\n\n\n\n<ul class=\"wp-block-list\">\n<li style=\"font-size:26px\">die Kurse dauern ca. 2,5 Stunden inkl. Pause, sofern nicht explizit angegeben ist der Kursbeginn jeweils 18:30 Uhr<\/li>\n\n\n\n<li style=\"font-size:26px\">die Teilnehmerzahl ist auf 12 Teilnehmer begrenzt, bei Kindern unter 10 Jahren bitte R\u00fccksprache mit dem Veranstalter<\/li>\n\n\n\n<li style=\"font-size:26px\">die Kursgeb\u00fchr betr\u00e4gt 30,- Euro pro Person, Gruppentarife auf Anfrage<\/li>\n\n\n\n<li style=\"font-size:26px\">die L\u00f6ffel werden f\u00fcr den Kurs vom Veranstalter kostenlos zur Verf\u00fcgung gestellt und k\u00f6nnen gegen Aufpreis vor Ort auch erworben werden<\/li>\n\n\n\n<li style=\"font-size:26px\">weitere Informationen \u00fcber Ablauf und Inhalt findest du im allgemeinen <a rel=\"noreferrer noopener\" href=\"http:\/\/yaggatatam.com\/wp-content\/uploads\/2024\/04\/Loeffeln-2024-offener-Kurs.pdf\" target=\"_blank\">Veranstaltungs-Flyer<\/a><br>   <br>   <\/li>\n<\/ul>\n\n\n\n<p class=\"has-headings-color has-text-color\" style=\"font-size:26px\"><strong>Anmeldung<\/strong><\/p>\n\n\n<div class=\"wpforms-container wpforms-container-full wpforms-block wpforms-block-dafcabce-f743-4f3b-9743-b75e2f854838 wpforms-render-modern\" id=\"wpforms-453\"><form id=\"wpforms-form-453\" class=\"wpforms-validate wpforms-form wpforms-ajax-form\" data-formid=\"453\" method=\"post\" enctype=\"multipart\/form-data\" action=\"\/index.php\/wp-json\/wp\/v2\/pages\/461\" data-token=\"27ce6fc4299020b7cd6b0e0335a3e5fc\" data-token-time=\"1776282035\"><noscript class=\"wpforms-error-noscript\">Bitte aktiviere JavaScript in deinem Browser, um dieses Formular fertigzustellen.<\/noscript><div id=\"wpforms-error-noscript\" style=\"display: none;\">Bitte aktiviere JavaScript in deinem Browser, um dieses Formular fertigzustellen.<\/div><div class=\"wpforms-field-container\"><div id=\"wpforms-453-field_2-container\" class=\"wpforms-field wpforms-field-name\" data-field-id=\"2\"><fieldset><legend class=\"wpforms-field-label\">Name <span class=\"wpforms-required-label\" aria-hidden=\"true\">*<\/span><\/legend><div class=\"wpforms-field-row wpforms-field-medium\"><div class=\"wpforms-field-row-block wpforms-first wpforms-one-half\"><input type=\"text\" id=\"wpforms-453-field_2\" class=\"wpforms-field-name-first wpforms-field-required\" name=\"wpforms[fields][2][first]\" aria-errormessage=\"wpforms-453-field_2-error\" required><label for=\"wpforms-453-field_2\" class=\"wpforms-field-sublabel after\">Vorname<\/label><\/div><div class=\"wpforms-field-row-block wpforms-one-half\"><input type=\"text\" id=\"wpforms-453-field_2-last\" class=\"wpforms-field-name-last wpforms-field-required\" name=\"wpforms[fields][2][last]\" aria-errormessage=\"wpforms-453-field_2-last-error\" required><label for=\"wpforms-453-field_2-last\" class=\"wpforms-field-sublabel after\">Nachname<\/label><\/div><\/div><\/fieldset><\/div><div id=\"wpforms-453-field_3-container\" class=\"wpforms-field wpforms-field-email\" data-field-id=\"3\"><label class=\"wpforms-field-label\" for=\"wpforms-453-field_3\">E-Mail <span class=\"wpforms-required-label\" aria-hidden=\"true\">*<\/span><\/label><input type=\"email\" id=\"wpforms-453-field_3\" class=\"wpforms-field-medium wpforms-field-required\" name=\"wpforms[fields][3]\" spellcheck=\"false\" aria-errormessage=\"wpforms-453-field_3-error\" required><\/div><div id=\"wpforms-453-field_5-container\" class=\"wpforms-field wpforms-field-checkbox\" data-field-id=\"5\"><fieldset><legend class=\"wpforms-field-label\">Bitte Kurs(e) ausw\u00e4hlen <\/legend><ul id=\"wpforms-453-field_5\"><li class=\"choice-18 depth-1\"><input type=\"checkbox\" id=\"wpforms-453-field_5_18\" name=\"wpforms[fields][5][]\" value=\"Grundkurs L\u00f6ffelschlagen, 19.03.2026, SEPPs M\u00fcsikwerkstatt, Lenggries\" aria-errormessage=\"wpforms-453-field_5_18-error\"  ><label class=\"wpforms-field-label-inline\" for=\"wpforms-453-field_5_18\">Grundkurs L\u00f6ffelschlagen, 19.03.2026, SEPPs M\u00fcsikwerkstatt, Lenggries<\/label><\/li><li class=\"choice-19 depth-1\"><input type=\"checkbox\" id=\"wpforms-453-field_5_19\" name=\"wpforms[fields][5][]\" value=\"Grundkurs L\u00f6ffelschlagen, 23.04.2026, SEPPs  M\u00fcsikwerkstatt, Lenggries\" aria-errormessage=\"wpforms-453-field_5_19-error\"  ><label class=\"wpforms-field-label-inline\" for=\"wpforms-453-field_5_19\">Grundkurs L\u00f6ffelschlagen, 23.04.2026, SEPPs  M\u00fcsikwerkstatt, Lenggries<\/label><\/li><li class=\"choice-20 depth-1\"><input type=\"checkbox\" id=\"wpforms-453-field_5_20\" name=\"wpforms[fields][5][]\" value=\"Grundkurs L\u00f6ffelschlagen, 21.05.2026, SEPPs M\u00fcsikwerkstatt, Lenggriies\" aria-errormessage=\"wpforms-453-field_5_20-error\"  ><label class=\"wpforms-field-label-inline\" for=\"wpforms-453-field_5_20\">Grundkurs L\u00f6ffelschlagen, 21.05.2026, SEPPs M\u00fcsikwerkstatt, Lenggriies<\/label><\/li><\/ul><\/fieldset><\/div><div id=\"wpforms-453-field_6-container\" class=\"wpforms-field wpforms-field-textarea\" data-field-id=\"6\"><label class=\"wpforms-field-label\" for=\"wpforms-453-field_6\">Fragen\/Kommentare?<\/label><textarea id=\"wpforms-453-field_6\" class=\"wpforms-field-medium\" name=\"wpforms[fields][6]\" aria-errormessage=\"wpforms-453-field_6-error\" ><\/textarea><\/div><\/div><!-- .wpforms-field-container --><div class=\"wpforms-submit-container\" ><input type=\"hidden\" name=\"wpforms[id]\" value=\"453\"><input type=\"hidden\" name=\"page_title\" value=\"\"><input type=\"hidden\" name=\"page_url\" value=\"https:\/\/www.yaggatatam.com\/index.php\/wp-json\/wp\/v2\/pages\/461\"><input type=\"hidden\" name=\"url_referer\" value=\"\"><button type=\"submit\" name=\"wpforms[submit]\" id=\"wpforms-submit-453\" class=\"wpforms-submit\" data-alt-text=\"Deine Nachricht wird gesendet ...\" data-submit-text=\"Absenden\" aria-live=\"assertive\" value=\"wpforms-submit\">Absenden<\/button><img loading=\"lazy\" decoding=\"async\" src=\"https:\/\/www.yaggatatam.com\/wp-content\/plugins\/wpforms-lite\/assets\/images\/submit-spin.svg\" class=\"wpforms-submit-spinner\" style=\"display: none;\" width=\"26\" height=\"26\" alt=\"Wird geladen\"><\/div><\/form><\/div>  <!-- .wpforms-container -->\n\n\n<p style=\"font-size:26px\">Hinweis: nach deiner Anmeldung erh\u00e4ltst du eine Best\u00e4tigung per Mail sowie eine entsprechende Rechnung. Mit dem Eingang der Kursgeb\u00fchr ist deine Anmeldung abgeschlossen und dein Platz reserviert.<\/p>\n","protected":false},"excerpt":{"rendered":"<p>Wenn die Musik aufspielt \u00fcbernimmst du den Rhythmus: beim Boarischen, bei der Polka, bei irischen Jigs und Reels oder, ja, auch bei heisser Rockmusik! Im &hellip;<\/p>\n","protected":false},"author":1,"featured_media":92,"parent":156,"menu_order":0,"comment_status":"closed","ping_status":"closed","template":"","meta":{"_acf_changed":false,"footnotes":""},"class_list":["post-461","page","type-page","status-publish","has-post-thumbnail","hentry"],"acf":[],"_links":{"self":[{"href":"https:\/\/www.yaggatatam.com\/index.php\/wp-json\/wp\/v2\/pages\/461","targetHints":{"allow":["GET"]}}],"collection":[{"href":"https:\/\/www.yaggatatam.com\/index.php\/wp-json\/wp\/v2\/pages"}],"about":[{"href":"https:\/\/www.yaggatatam.com\/index.php\/wp-json\/wp\/v2\/types\/page"}],"author":[{"embeddable":true,"href":"https:\/\/www.yaggatatam.com\/index.php\/wp-json\/wp\/v2\/users\/1"}],"replies":[{"embeddable":true,"href":"https:\/\/www.yaggatatam.com\/index.php\/wp-json\/wp\/v2\/comments?post=461"}],"version-history":[{"count":24,"href":"https:\/\/www.yaggatatam.com\/index.php\/wp-json\/wp\/v2\/pages\/461\/revisions"}],"predecessor-version":[{"id":576,"href":"https:\/\/www.yaggatatam.com\/index.php\/wp-json\/wp\/v2\/pages\/461\/revisions\/576"}],"up":[{"embeddable":true,"href":"https:\/\/www.yaggatatam.com\/index.php\/wp-json\/wp\/v2\/pages\/156"}],"wp:featuredmedia":[{"embeddable":true,"href":"https:\/\/www.yaggatatam.com\/index.php\/wp-json\/wp\/v2\/media\/92"}],"wp:attachment":[{"href":"https:\/\/www.yaggatatam.com\/index.php\/wp-json\/wp\/v2\/media?parent=461"}],"curies":[{"name":"wp","href":"https:\/\/api.w.org\/{rel}","templated":true}]}}