{"id":434,"date":"2024-01-14T13:16:00","date_gmt":"2024-01-14T13:16:00","guid":{"rendered":"https:\/\/www.yaggatatam.com\/?page_id=434"},"modified":"2024-10-25T11:55:04","modified_gmt":"2024-10-25T11:55:04","slug":"musik-live","status":"publish","type":"page","link":"https:\/\/www.yaggatatam.com\/index.php\/musik-live\/","title":{"rendered":"Musik live!"},"content":{"rendered":"\n<div class=\"wp-block-columns is-layout-flex wp-container-core-columns-is-layout-9d6595d7 wp-block-columns-is-layout-flex\">\n<div class=\"wp-block-column is-layout-flow wp-block-column-is-layout-flow\">\n<figure class=\"wp-block-image size-large\"><img loading=\"lazy\" decoding=\"async\" width=\"681\" height=\"1024\" src=\"https:\/\/www.yaggatatam.com\/wp-content\/uploads\/2024\/01\/DominikPlangger-5235-681x1024.jpg\" alt=\"\" class=\"wp-image-436\" srcset=\"https:\/\/www.yaggatatam.com\/wp-content\/uploads\/2024\/01\/DominikPlangger-5235-681x1024.jpg 681w, https:\/\/www.yaggatatam.com\/wp-content\/uploads\/2024\/01\/DominikPlangger-5235-200x300.jpg 200w, https:\/\/www.yaggatatam.com\/wp-content\/uploads\/2024\/01\/DominikPlangger-5235-768x1154.jpg 768w, https:\/\/www.yaggatatam.com\/wp-content\/uploads\/2024\/01\/DominikPlangger-5235-1022x1536.jpg 1022w, https:\/\/www.yaggatatam.com\/wp-content\/uploads\/2024\/01\/DominikPlangger-5235-1363x2048.jpg 1363w, https:\/\/www.yaggatatam.com\/wp-content\/uploads\/2024\/01\/DominikPlangger-5235-scaled.jpg 1703w\" sizes=\"auto, (max-width: 681px) 100vw, 681px\" \/><\/figure>\n<\/div>\n\n\n\n<div class=\"wp-block-column is-layout-flow wp-block-column-is-layout-flow\">\n<p class=\"has-normal-font-size\"><strong>Dominik Plangger &#8211; der Liedermacher<\/strong> <br><br>Ja, es gibt sie noch, die S\u00e4nger, die Poeten, die &#8222;alten&#8220; Liedermacher! Die ganz in der Tradition von Reinhard Mey, Hannes Wader, Konstantin Wecker, oder auch Woody Guthrie, Joan Baez und Pete Seeger auf unseren Strassen und B\u00fchnen singen. Die mit ihren Geschichten verzaubern, ber\u00fchren, aufr\u00fctteln.<br><br>Dominik Plangger ist so einer von denen. Er besingt seine Heimat S\u00fcdtirol, die Berge, die Menschen mit ihren St\u00e4rken und Schw\u00e4chen. Er singt vom Leben und den allt\u00e4glichen Gl\u00fccksmomenten. Aber Liedermacher wie er singen nicht nur fr\u00f6hliche Lieder, sie legen auch den Finger in die Wunden. Und so handelt das wohl ber\u00fchrendste Lied von Dominik von den Fl\u00fcchtlingskindern, die unerkannt und namenlos im Meer ertrinken.<br><br>Auch 2025 ist Dominik Plangger zusammen mit seiner Frau Claudia Fenzl wieder auf Tournee im gesamten deutschsprachigen Raum. Beide nehmen die Zuh\u00f6rer dabei mit &#8222;Auf Fahrt&#8220;, in einer musikalischen Reise rund um den Globus. <br><br>Steigt einfach mit ein: die Termine und &#8222;Haltestellen&#8220; sowie vieles andere mehr findet ihr  <a rel=\"noreferrer noopener\" href=\"http:\/\/www.dominikplangger.at\" target=\"_blank\">hier<\/a> . <br><\/p>\n<\/div>\n<\/div>\n","protected":false},"excerpt":{"rendered":"<p>Dominik Plangger &#8211; der Liedermacher Ja, es gibt sie noch, die S\u00e4nger, die Poeten, die &#8222;alten&#8220; Liedermacher! Die ganz in der Tradition von Reinhard Mey, &hellip;<\/p>\n","protected":false},"author":1,"featured_media":440,"parent":0,"menu_order":0,"comment_status":"closed","ping_status":"closed","template":"","meta":{"_acf_changed":false,"footnotes":""},"class_list":["post-434","page","type-page","status-publish","has-post-thumbnail","hentry"],"acf":[],"_links":{"self":[{"href":"https:\/\/www.yaggatatam.com\/index.php\/wp-json\/wp\/v2\/pages\/434","targetHints":{"allow":["GET"]}}],"collection":[{"href":"https:\/\/www.yaggatatam.com\/index.php\/wp-json\/wp\/v2\/pages"}],"about":[{"href":"https:\/\/www.yaggatatam.com\/index.php\/wp-json\/wp\/v2\/types\/page"}],"author":[{"embeddable":true,"href":"https:\/\/www.yaggatatam.com\/index.php\/wp-json\/wp\/v2\/users\/1"}],"replies":[{"embeddable":true,"href":"https:\/\/www.yaggatatam.com\/index.php\/wp-json\/wp\/v2\/comments?post=434"}],"version-history":[{"count":9,"href":"https:\/\/www.yaggatatam.com\/index.php\/wp-json\/wp\/v2\/pages\/434\/revisions"}],"predecessor-version":[{"id":522,"href":"https:\/\/www.yaggatatam.com\/index.php\/wp-json\/wp\/v2\/pages\/434\/revisions\/522"}],"wp:featuredmedia":[{"embeddable":true,"href":"https:\/\/www.yaggatatam.com\/index.php\/wp-json\/wp\/v2\/media\/440"}],"wp:attachment":[{"href":"https:\/\/www.yaggatatam.com\/index.php\/wp-json\/wp\/v2\/media?parent=434"}],"curies":[{"name":"wp","href":"https:\/\/api.w.org\/{rel}","templated":true}]}}