{"id":255,"date":"2021-10-04T15:21:33","date_gmt":"2021-10-04T15:21:33","guid":{"rendered":"http:\/\/www.yaggatatam.com\/?page_id=255"},"modified":"2023-10-30T11:48:52","modified_gmt":"2023-10-30T11:48:52","slug":"kontakt","status":"publish","type":"page","link":"https:\/\/www.yaggatatam.com\/index.php\/kontakt\/","title":{"rendered":"kontakt"},"content":{"rendered":"\n<div class=\"wp-block-columns is-layout-flex wp-container-core-columns-is-layout-9d6595d7 wp-block-columns-is-layout-flex\">\n<div class=\"wp-block-column is-layout-flow wp-block-column-is-layout-flow\">\n<p class=\"has-sitetext-color has-text-color\" style=\"font-size:20px\">Danke f\u00fcr dein Interesse! Bitte f\u00fclle das nachfolgende Formular mit den notwendigen Angaben aus. Alternativ selbstverst\u00e4ndlich gerne ein Anruf <strong>08042 9786706<\/strong> oder ein <a href=\"mailto:info@yaggatatam.com\">eMail<\/a> .<br>(<strong>Hinweis<\/strong>: deine Daten werden ausschliesslich zur Beantwortung deiner Anfrage genutzt und nicht gespeichert)<\/p>\n\n\n<style id=\"wpforms-css-vars-399-block-e26ac118-540b-4676-89d4-c881ccdc2ccd\">\n\t\t\t\t#wpforms-399.wpforms-block-e26ac118-540b-4676-89d4-c881ccdc2ccd {\n\t\t\t\t--wpforms-field-size-input-height: 50px;\n--wpforms-field-size-input-spacing: 20px;\n--wpforms-field-size-font-size: 18px;\n--wpforms-field-size-line-height: 21px;\n--wpforms-field-size-padding-h: 14px;\n--wpforms-field-size-checkbox-size: 18px;\n--wpforms-field-size-sublabel-spacing: 10px;\n--wpforms-field-size-icon-size: 1.25;\n\t\t\t}\n\t\t\t<\/style><div class=\"wpforms-container wpforms-container-full wpforms-block wpforms-block-e26ac118-540b-4676-89d4-c881ccdc2ccd wpforms-render-modern\" id=\"wpforms-399\"><form id=\"wpforms-form-399\" class=\"wpforms-validate wpforms-form wpforms-ajax-form\" data-formid=\"399\" method=\"post\" enctype=\"multipart\/form-data\" action=\"\/index.php\/wp-json\/wp\/v2\/pages\/255\" data-token=\"7873b5b62ad8008ebfeaa220a79b6ae6\" data-token-time=\"1776282035\"><noscript class=\"wpforms-error-noscript\">Bitte aktiviere JavaScript in deinem Browser, um dieses Formular fertigzustellen.<\/noscript><div id=\"wpforms-error-noscript\" style=\"display: none;\">Bitte aktiviere JavaScript in deinem Browser, um dieses Formular fertigzustellen.<\/div><div class=\"wpforms-field-container\"><div id=\"wpforms-399-field_1-container\" class=\"wpforms-field wpforms-field-name\" data-field-id=\"1\"><fieldset><legend class=\"wpforms-field-label\">Name <span class=\"wpforms-required-label\" aria-hidden=\"true\">*<\/span><\/legend><div class=\"wpforms-field-row wpforms-field-medium\"><div class=\"wpforms-field-row-block wpforms-first wpforms-one-half\"><input type=\"text\" id=\"wpforms-399-field_1\" class=\"wpforms-field-name-first wpforms-field-required\" name=\"wpforms[fields][1][first]\" aria-errormessage=\"wpforms-399-field_1-error\" required><label for=\"wpforms-399-field_1\" class=\"wpforms-field-sublabel after\">Vorname<\/label><\/div><div class=\"wpforms-field-row-block wpforms-one-half\"><input type=\"text\" id=\"wpforms-399-field_1-last\" class=\"wpforms-field-name-last wpforms-field-required\" name=\"wpforms[fields][1][last]\" aria-errormessage=\"wpforms-399-field_1-last-error\" required><label for=\"wpforms-399-field_1-last\" class=\"wpforms-field-sublabel after\">Nachname<\/label><\/div><\/div><\/fieldset><\/div><div id=\"wpforms-399-field_2-container\" class=\"wpforms-field wpforms-field-email\" data-field-id=\"2\"><label class=\"wpforms-field-label\" for=\"wpforms-399-field_2\">E-Mail <span class=\"wpforms-required-label\" aria-hidden=\"true\">*<\/span><\/label><input type=\"email\" id=\"wpforms-399-field_2\" class=\"wpforms-field-medium wpforms-field-required\" name=\"wpforms[fields][2]\" spellcheck=\"false\" aria-errormessage=\"wpforms-399-field_2-error\" required><\/div><div id=\"wpforms-399-field_3-container\" class=\"wpforms-field wpforms-field-checkbox\" data-field-id=\"3\"><fieldset><legend class=\"wpforms-field-label\">Was kann ich f\u00fcr dich tun?<\/legend><ul id=\"wpforms-399-field_3\"><li class=\"choice-1 depth-1\"><input type=\"checkbox\" id=\"wpforms-399-field_3_1\" name=\"wpforms[fields][3][]\" value=\"Bitte Info zusenden (Details im Kommentarfeld)\" aria-errormessage=\"wpforms-399-field_3_1-error\"  ><label class=\"wpforms-field-label-inline\" for=\"wpforms-399-field_3_1\">Bitte Info zusenden (Details im Kommentarfeld)<\/label><\/li><li class=\"choice-2 depth-1\"><input type=\"checkbox\" id=\"wpforms-399-field_3_2\" name=\"wpforms[fields][3][]\" value=\"Anmeldung zur Jodelwanderung (bitte im Kommentarfeld Termin und Anzahl Teilnehmer angeben)\" aria-errormessage=\"wpforms-399-field_3_2-error\"  ><label class=\"wpforms-field-label-inline\" for=\"wpforms-399-field_3_2\">Anmeldung zur Jodelwanderung (bitte im Kommentarfeld Termin und Anzahl Teilnehmer angeben)<\/label><\/li><li class=\"choice-3 depth-1\"><input type=\"checkbox\" id=\"wpforms-399-field_3_3\" name=\"wpforms[fields][3][]\" value=\"Bestellung yaggatatam Musikl\u00f6ffel (bitte im Kommentarfeld Anzahl in Paaren angeben)\" aria-errormessage=\"wpforms-399-field_3_3-error\"  ><label class=\"wpforms-field-label-inline\" for=\"wpforms-399-field_3_3\">Bestellung yaggatatam Musikl\u00f6ffel (bitte im Kommentarfeld Anzahl in Paaren angeben)<\/label><\/li><\/ul><\/fieldset><\/div><div id=\"wpforms-399-field_4-container\" class=\"wpforms-field wpforms-field-textarea\" data-field-id=\"4\"><label class=\"wpforms-field-label\" for=\"wpforms-399-field_4\">Kommentarfeld<\/label><textarea id=\"wpforms-399-field_4\" class=\"wpforms-field-medium\" name=\"wpforms[fields][4]\" aria-errormessage=\"wpforms-399-field_4-error\" aria-describedby=\"wpforms-399-field_4-description\" ><\/textarea><div id=\"wpforms-399-field_4-description\" class=\"wpforms-field-description\">Hinweis Jodelwanderungen: f\u00fcr 2026 sind noch keine Wanderungen terminiert<\/div><\/div><\/div><!-- .wpforms-field-container --><div class=\"wpforms-submit-container\" ><input type=\"hidden\" name=\"wpforms[id]\" value=\"399\"><input type=\"hidden\" name=\"page_title\" value=\"\"><input type=\"hidden\" name=\"page_url\" value=\"https:\/\/www.yaggatatam.com\/index.php\/wp-json\/wp\/v2\/pages\/255\"><input type=\"hidden\" name=\"url_referer\" value=\"\"><button type=\"submit\" name=\"wpforms[submit]\" id=\"wpforms-submit-399\" class=\"wpforms-submit\" data-alt-text=\"Deine Anfrage wird \u00fcbermittelt ...\" data-submit-text=\"Absenden\" aria-live=\"assertive\" value=\"wpforms-submit\">Absenden<\/button><img loading=\"lazy\" decoding=\"async\" src=\"https:\/\/www.yaggatatam.com\/wp-content\/plugins\/wpforms-lite\/assets\/images\/submit-spin.svg\" class=\"wpforms-submit-spinner\" style=\"display: none;\" width=\"26\" height=\"26\" alt=\"Wird geladen\"><\/div><\/form><\/div>  <!-- .wpforms-container --><\/div>\n<\/div>\n\n\n\n<div class=\"wp-block-columns is-layout-flex wp-container-core-columns-is-layout-9d6595d7 wp-block-columns-is-layout-flex\">\n<div class=\"wp-block-column is-layout-flow wp-block-column-is-layout-flow\"><\/div>\n<\/div>\n","protected":false},"excerpt":{"rendered":"<p>Danke f\u00fcr dein Interesse! Bitte f\u00fclle das nachfolgende Formular mit den notwendigen Angaben aus. Alternativ selbstverst\u00e4ndlich gerne ein Anruf 08042 9786706 oder ein eMail .(Hinweis: &hellip;<\/p>\n","protected":false},"author":1,"featured_media":98,"parent":0,"menu_order":5,"comment_status":"closed","ping_status":"closed","template":"","meta":{"_acf_changed":false,"footnotes":""},"class_list":["post-255","page","type-page","status-publish","has-post-thumbnail","hentry"],"acf":[],"_links":{"self":[{"href":"https:\/\/www.yaggatatam.com\/index.php\/wp-json\/wp\/v2\/pages\/255","targetHints":{"allow":["GET"]}}],"collection":[{"href":"https:\/\/www.yaggatatam.com\/index.php\/wp-json\/wp\/v2\/pages"}],"about":[{"href":"https:\/\/www.yaggatatam.com\/index.php\/wp-json\/wp\/v2\/types\/page"}],"author":[{"embeddable":true,"href":"https:\/\/www.yaggatatam.com\/index.php\/wp-json\/wp\/v2\/users\/1"}],"replies":[{"embeddable":true,"href":"https:\/\/www.yaggatatam.com\/index.php\/wp-json\/wp\/v2\/comments?post=255"}],"version-history":[{"count":12,"href":"https:\/\/www.yaggatatam.com\/index.php\/wp-json\/wp\/v2\/pages\/255\/revisions"}],"predecessor-version":[{"id":425,"href":"https:\/\/www.yaggatatam.com\/index.php\/wp-json\/wp\/v2\/pages\/255\/revisions\/425"}],"wp:featuredmedia":[{"embeddable":true,"href":"https:\/\/www.yaggatatam.com\/index.php\/wp-json\/wp\/v2\/media\/98"}],"wp:attachment":[{"href":"https:\/\/www.yaggatatam.com\/index.php\/wp-json\/wp\/v2\/media?parent=255"}],"curies":[{"name":"wp","href":"https:\/\/api.w.org\/{rel}","templated":true}]}}