{"id":222,"date":"2021-10-02T10:24:01","date_gmt":"2021-10-02T10:24:01","guid":{"rendered":"http:\/\/www.yaggatatam.com\/?page_id=222"},"modified":"2024-09-02T08:28:06","modified_gmt":"2024-09-02T08:28:06","slug":"yaggatatam","status":"publish","type":"page","link":"https:\/\/www.yaggatatam.com\/index.php\/yaggatatam\/","title":{"rendered":"yaggatatam?"},"content":{"rendered":"\n<p class=\"has-sitetext-color has-text-color\" style=\"font-size:26px\">Wer oder was ist yaggatatam? Hinter dem Namen stehen Produkte (die original yaggatatam-L\u00f6ffel!), Veranstaltungen (Jodelwanderungen, L\u00f6ffelkurse, &#8230;) und Konzerte befreundeter K\u00fcnstler.<\/p>\n\n\n\n<div class=\"wp-block-columns is-layout-flex wp-container-core-columns-is-layout-9d6595d7 wp-block-columns-is-layout-flex\">\n<div class=\"wp-block-column is-layout-flow wp-block-column-is-layout-flow\" style=\"flex-basis:66.66%\">\n<div class=\"wp-block-columns is-layout-flex wp-container-core-columns-is-layout-9d6595d7 wp-block-columns-is-layout-flex\">\n<div class=\"wp-block-column is-layout-flow wp-block-column-is-layout-flow\" style=\"flex-basis:33.33%\"><\/div>\n\n\n\n<div class=\"wp-block-column is-layout-flow wp-block-column-is-layout-flow\" style=\"flex-basis:66.66%\"><\/div>\n<\/div>\n<\/div>\n\n\n\n<div class=\"wp-block-column is-layout-flow wp-block-column-is-layout-flow\" style=\"flex-basis:33.33%\">\n<p><\/p>\n<\/div>\n<\/div>\n\n\n\n<div class=\"wp-block-columns is-layout-flex wp-container-core-columns-is-layout-9d6595d7 wp-block-columns-is-layout-flex\">\n<div class=\"wp-block-column is-layout-flow wp-block-column-is-layout-flow\" style=\"flex-basis:33.33%\">\n<figure class=\"wp-block-image size-full\"><img loading=\"lazy\" decoding=\"async\" width=\"251\" height=\"251\" src=\"http:\/\/www.yaggatatam.com\/wp-content\/uploads\/2021\/09\/NZ65.jpg\" alt=\"\" class=\"wp-image-99\" srcset=\"https:\/\/www.yaggatatam.com\/wp-content\/uploads\/2021\/09\/NZ65.jpg 251w, https:\/\/www.yaggatatam.com\/wp-content\/uploads\/2021\/09\/NZ65-150x150.jpg 150w\" sizes=\"auto, (max-width: 251px) 100vw, 251px\" \/><figcaption class=\"wp-element-caption\">Norbert<\/figcaption><\/figure>\n<\/div>\n\n\n\n<div class=\"wp-block-column is-layout-flow wp-block-column-is-layout-flow\" style=\"flex-basis:66.66%\">\n<p style=\"font-size:26px\"> <strong>Da wo ich bin, da will ich sein!<\/strong><br> Norbert Zandt, Inhaber der Dienstleistungsagentur Norbert Zandt Marketing Support, organisiert mit Herzblut Business- und Kulturveranstaltungen, barito(e)nt, jodelt und l\u00f6ffelt aus Leidenschaft, sch\u00e4tzt Ehrlichkeit, Toleranz, Zuverl\u00e4ssigkeit und Humor, mag Musik, Irland und &#8211; ELIL &#8211; die M\u00fcnchner L\u00f6wen. <\/p>\n<\/div>\n<\/div>\n\n\n\n<p style=\"font-size:26px\"><a rel=\"noopener\" href=\"http:\/\/www.markusprieth.com\" data-type=\"URL\" data-id=\"www.markusprieth.com\" target=\"_blank\">Markus Prieth<\/a> &#8211; singen, jodeln, musik machen<br><a rel=\"noopener\" href=\"http:\/\/www.landart.vision\" data-type=\"URL\" data-id=\"www.landart.vision\" target=\"_blank\">Jan Langer<\/a> &#8211; Landart, Percussion<br><a href=\"http:\/\/www.dominikplangger.at\" target=\"_blank\" rel=\"noreferrer noopener\">Dominik Plangger<\/a> &#8211; der letzte echte Liedermacher? <\/p>\n","protected":false},"excerpt":{"rendered":"<p>Wer oder was ist yaggatatam? Hinter dem Namen stehen Produkte (die original yaggatatam-L\u00f6ffel!), Veranstaltungen (Jodelwanderungen, L\u00f6ffelkurse, &#8230;) und Konzerte befreundeter K\u00fcnstler. Da wo ich bin, &hellip;<\/p>\n","protected":false},"author":1,"featured_media":8,"parent":0,"menu_order":4,"comment_status":"closed","ping_status":"closed","template":"","meta":{"_acf_changed":false,"footnotes":""},"class_list":["post-222","page","type-page","status-publish","has-post-thumbnail","hentry"],"acf":[],"_links":{"self":[{"href":"https:\/\/www.yaggatatam.com\/index.php\/wp-json\/wp\/v2\/pages\/222","targetHints":{"allow":["GET"]}}],"collection":[{"href":"https:\/\/www.yaggatatam.com\/index.php\/wp-json\/wp\/v2\/pages"}],"about":[{"href":"https:\/\/www.yaggatatam.com\/index.php\/wp-json\/wp\/v2\/types\/page"}],"author":[{"embeddable":true,"href":"https:\/\/www.yaggatatam.com\/index.php\/wp-json\/wp\/v2\/users\/1"}],"replies":[{"embeddable":true,"href":"https:\/\/www.yaggatatam.com\/index.php\/wp-json\/wp\/v2\/comments?post=222"}],"version-history":[{"count":12,"href":"https:\/\/www.yaggatatam.com\/index.php\/wp-json\/wp\/v2\/pages\/222\/revisions"}],"predecessor-version":[{"id":520,"href":"https:\/\/www.yaggatatam.com\/index.php\/wp-json\/wp\/v2\/pages\/222\/revisions\/520"}],"wp:featuredmedia":[{"embeddable":true,"href":"https:\/\/www.yaggatatam.com\/index.php\/wp-json\/wp\/v2\/media\/8"}],"wp:attachment":[{"href":"https:\/\/www.yaggatatam.com\/index.php\/wp-json\/wp\/v2\/media?parent=222"}],"curies":[{"name":"wp","href":"https:\/\/api.w.org\/{rel}","templated":true}]}}