{"id":16,"date":"2021-09-27T17:32:30","date_gmt":"2021-09-27T17:32:30","guid":{"rendered":"http:\/\/www.yaggatatam.com\/?page_id=16"},"modified":"2023-08-02T18:28:25","modified_gmt":"2023-08-02T18:28:25","slug":"impressum","status":"publish","type":"page","link":"https:\/\/www.yaggatatam.com\/index.php\/impressum\/","title":{"rendered":"impressum"},"content":{"rendered":"\n<p class=\"has-sitetext-color has-sitebg-background-color has-text-color has-background\" style=\"font-size:20px\"><strong>Verantwortlich f\u00fcr den Inhalt dieser Webseite<\/strong><br>Norbert Zandt marketing support<br>Winkl 27a<br>D-83661 Lenggries<br><br><strong>Vertreten durch<\/strong><br>Norbert Zandt<br><br><strong>Kontakt<\/strong><br>Tel. +49 (0)8042 978 67 06<br>Mail: info@zandt.org<br><br><strong>Meldebeh\u00f6rde<\/strong><br>Finanzamt Wolfratshausen, Aussenstelle Bad T\u00f6lz<br>Umsatzsteuer-ID:  DE 164 535 094 <br><br><strong>Fotos\/Bildmaterial<\/strong><br>yaggatatam.com verwendet freigegebenes Bildmaterial der folgenden Autoren:<br>Thomas Heckner <em>(Seiten: jodeln\/impressionen, jodeln\/lernen, kontakt)<\/em><br>Leonie Lorenz <em>(Seiten: l\u00f6ffelschlagen, yaggatatam)<\/em><br>Enno Kapitza <em>(Seiten: jodeln, jodeln\/h\u00f6ren)<\/em><br>Norbert Zandt privat <em>(Seiten: l\u00f6ffelschlagen\/anschauen, yaggatatam)<\/em><br><br><strong>Streitschlichtung<\/strong><br>Die Europ\u00e4ische Kommission stellt eine Plattform zur Online-Streitbeilegung (OS) bereit: <a rel=\"noreferrer noopener\" href=\"https:\/\/ec.europa.eu\/consumers\/odr\" target=\"_blank\">https:\/\/ec.europa.eu\/consumers\/odr<\/a>. Wir sind nicht bereit oder verpflichtet, an Streitbeilegungsverfahren vor einer Verbraucherschlichtungsstelle teilzunehmen.<br><br><strong>Haftung f\u00fcr Inhalte<\/strong><br>Alle Inhalte unseres Internetauftritts wurden mit gr\u00f6\u00dfter Sorgfalt und nach bestem Gewissen erstellt. F\u00fcr die Richtigkeit, Vollst\u00e4ndigkeit und Aktualit\u00e4t der Inhalte k\u00f6nnen wir jedoch keine Gew\u00e4hr \u00fcbernehmen. Als Diensteanbieter sind wir gem\u00e4\u00df \u00a7 7 Abs.1 TMG f\u00fcr eigene Inhalte auf diesen Seiten nach den allgemeinen Gesetzen verantwortlich. Nach \u00a7\u00a7 8 bis 10 TMG sind wir als Diensteanbieter jedoch nicht verpflichtet, \u00fcbermittelte oder gespeicherte fremde Informationen zu \u00fcberwachen oder nach Umst\u00e4nden zu forschen, die auf eine rechtswidrige T\u00e4tigkeit hinweisen. Verpflichtungen zur Entfernung oder Sperrung der Nutzung von Informationen nach den allgemeinen Gesetzen bleiben hiervon unber\u00fchrt. Eine diesbez\u00fcgliche Haftung ist jedoch erst ab dem Zeitpunkt der Kenntniserlangung einer konkreten Rechtsverletzung m\u00f6glich. Bei Bekanntwerden von den o.g. Rechtsverletzungen werden wir diese Inhalte unverz\u00fcglich entfernen.<br><br><strong>Haftung f\u00fcr Links<\/strong><br>Unser Angebot enth\u00e4lt Links zu externen Websites Dritter, auf deren Inhalte wir keinen Einfluss haben. Deshalb k\u00f6nnen wir f\u00fcr diese fremden Inhalte auch keine Gew\u00e4hr \u00fcbernehmen. F\u00fcr die Inhalte der verlinkten Seiten ist stets der jeweilige Anbieter oder Betreiber der Seiten verantwortlich. Die verlinkten Seiten wurden zum Zeitpunkt der Verlinkung auf m\u00f6gliche Rechtsverst\u00f6\u00dfe \u00fcberpr\u00fcft. Rechtswidrige Inhalte waren zum Zeitpunkt der Verlinkung nicht erkennbar.  <br>Eine permanente inhaltliche Kontrolle der verlinkten Seiten ist jedoch ohne konkrete Anhaltspunkte einer Rechtsverletzung nicht zumutbar. Bei direkten oder indirekten Verlinkungen auf die Webseiten Dritter, die au\u00dferhalb unseres Verantwortungsbereichs liegen, w\u00fcrde eine Haftungsverpflichtung ausschlie\u00dflich in dem Fall nur bestehen, wenn wir von den Inhalten Kenntnis erlangen und es uns technisch m\u00f6glich und zumutbar w\u00e4re, die Nutzung im Falle rechtswidriger Inhalte zu verhindern. Werden uns Rechtsverletzungen bekannt, werden die externen Links durch uns unverz\u00fcglich entfernt.<br>Diese Haftungsausschlusserkl\u00e4rung gilt auch innerhalb des eigenen Internetauftrittes gesetzten Links und Verweise von Fragestellern, Blogeintr\u00e4gern, G\u00e4sten des Diskussionsforums. F\u00fcr illegale, fehlerhafte oder unvollst\u00e4ndige Inhalte und insbesondere f\u00fcr Sch\u00e4den, die aus der Nutzung oder Nichtnutzung solcherart dargestellten Informationen entstehen, haftet allein der Diensteanbieter der Seite, auf welche verwiesen wurde, nicht derjenige, der \u00fcber Links auf die jeweilige Ver\u00f6ffentlichung lediglich verweist.<br><br><strong>Urheberrecht<\/strong><br>Die Haftungsausschlusserkl\u00e4rung gilt auch innerhalb des eigenen Internetauftrittes gesetzten Links und Verweise von Fragestellern, Blogeintr\u00e4gern, G\u00e4sten des Diskussionsforums. F\u00fcr illegale, fehlerhafte oder unvollst\u00e4ndige Inhalte und insbesondere f\u00fcr Sch\u00e4den, die aus der Nutzung oder Nichtnutzung solcherart dargestellten Informationen entstehen, haftet allein der Diensteanbieter der Seite, auf welche verwiesen wurde, nicht derjenige, der \u00fcber Links auf die jeweilige Ver\u00f6ffentlichung lediglich gestattet.<br>Soweit die Inhalte auf dieser Seite nicht von Norbert Zandt Marketing Support erstellt wurden, sind die Urheberrechte Dritter zu beachten. Die Inhalte Dritter werden als solche gekennzeichnet. Sollten Sie trotzdem auf eine Urheberrechtsverletzung aufmerksam werden, bitten wir um einen entsprechenden Hinweis. Bei Bekanntwerden von Rechtsverletzungen werden wir derartige Inhalte umgehend entfernen.<\/p>\n\n\n\n<p class=\"has-text-align-left has-sitetext-color has-sitebg-background-color has-text-color has-background\" style=\"font-size:26px\"><br>  <br><strong><a rel=\"noreferrer noopener\" href=\"http:\/\/www.yaggatatam.com\/wp-content\/uploads\/2021\/10\/Datenschutz.pdf\" data-type=\"URL\" data-id=\"http:\/\/www.yaggatatam.com\/wp-content\/uploads\/2021\/10\/Datenschutz.pdf\" target=\"_blank\">Datenschutzerkl\u00e4rung (PDF)<\/a><\/strong><\/p>\n","protected":false},"excerpt":{"rendered":"<p>Verantwortlich f\u00fcr den Inhalt dieser WebseiteNorbert Zandt marketing supportWinkl 27aD-83661 Lenggries Vertreten durchNorbert Zandt KontaktTel. +49 (0)8042 978 67 06Mail: info@zandt.org Meldebeh\u00f6rdeFinanzamt Wolfratshausen, Aussenstelle Bad &hellip;<\/p>\n","protected":false},"author":1,"featured_media":0,"parent":0,"menu_order":6,"comment_status":"closed","ping_status":"closed","template":"","meta":{"_acf_changed":false,"footnotes":""},"class_list":["post-16","page","type-page","status-publish","hentry"],"acf":[],"_links":{"self":[{"href":"https:\/\/www.yaggatatam.com\/index.php\/wp-json\/wp\/v2\/pages\/16","targetHints":{"allow":["GET"]}}],"collection":[{"href":"https:\/\/www.yaggatatam.com\/index.php\/wp-json\/wp\/v2\/pages"}],"about":[{"href":"https:\/\/www.yaggatatam.com\/index.php\/wp-json\/wp\/v2\/types\/page"}],"author":[{"embeddable":true,"href":"https:\/\/www.yaggatatam.com\/index.php\/wp-json\/wp\/v2\/users\/1"}],"replies":[{"embeddable":true,"href":"https:\/\/www.yaggatatam.com\/index.php\/wp-json\/wp\/v2\/comments?post=16"}],"version-history":[{"count":23,"href":"https:\/\/www.yaggatatam.com\/index.php\/wp-json\/wp\/v2\/pages\/16\/revisions"}],"predecessor-version":[{"id":385,"href":"https:\/\/www.yaggatatam.com\/index.php\/wp-json\/wp\/v2\/pages\/16\/revisions\/385"}],"wp:attachment":[{"href":"https:\/\/www.yaggatatam.com\/index.php\/wp-json\/wp\/v2\/media?parent=16"}],"curies":[{"name":"wp","href":"https:\/\/api.w.org\/{rel}","templated":true}]}}