{"id":15,"date":"2021-09-27T17:32:30","date_gmt":"2021-09-27T17:32:30","guid":{"rendered":"http:\/\/www.yaggatatam.com\/?page_id=15"},"modified":"2026-02-16T10:23:05","modified_gmt":"2026-02-16T10:23:05","slug":"create-your-website-with-blocks","status":"publish","type":"page","link":"https:\/\/www.yaggatatam.com\/","title":{"rendered":"yaggatatam &#8211; musik | rhythmen | jodler"},"content":{"rendered":"\n<p class=\"has-headings-color has-sitebg-background-color has-text-color has-background\" style=\"font-size:26px;line-height:1.1\"><br>Du platzt fast vor Freude, Emotion pur, lass deine Stimmung und deine Stimme raus &#8211; mit einem <strong><a href=\"http:\/\/www.yaggatatam.com\/index.php\/jodeln\/\" data-type=\"page\" data-id=\"111\">Jodler<\/a>!<\/strong> <br><br>Du sp\u00fcrst den Rhythmus, die H\u00e4nde k\u00f6nnen nicht stillhalten, lass sie fliegen &#8211; spiel die <a href=\"http:\/\/www.yaggatatam.com\/index.php\/loeffelschlagen\/\" data-type=\"page\" data-id=\"156\"><strong>L\u00f6ffel<\/strong>!<\/a> <br><br><strong>Hinweis<\/strong>: die neuen <strong><a href=\"https:\/\/www.yaggatatam.com\/index.php\/jodeln\/jodeln-lernen\/\" data-type=\"page\" data-id=\"269\">Termine<\/a><\/strong> f\u00fcr die Jodelwanderungen 2026 sind online!<\/p>\n","protected":false},"excerpt":{"rendered":"<p>Du platzt fast vor Freude, Emotion pur, lass deine Stimmung und deine Stimme raus &#8211; mit einem Jodler! Du sp\u00fcrst den Rhythmus, die H\u00e4nde k\u00f6nnen &hellip;<\/p>\n","protected":false},"author":1,"featured_media":0,"parent":0,"menu_order":0,"comment_status":"closed","ping_status":"closed","template":"","meta":{"_acf_changed":false,"footnotes":""},"class_list":["post-15","page","type-page","status-publish","hentry"],"acf":[],"_links":{"self":[{"href":"https:\/\/www.yaggatatam.com\/index.php\/wp-json\/wp\/v2\/pages\/15","targetHints":{"allow":["GET"]}}],"collection":[{"href":"https:\/\/www.yaggatatam.com\/index.php\/wp-json\/wp\/v2\/pages"}],"about":[{"href":"https:\/\/www.yaggatatam.com\/index.php\/wp-json\/wp\/v2\/types\/page"}],"author":[{"embeddable":true,"href":"https:\/\/www.yaggatatam.com\/index.php\/wp-json\/wp\/v2\/users\/1"}],"replies":[{"embeddable":true,"href":"https:\/\/www.yaggatatam.com\/index.php\/wp-json\/wp\/v2\/comments?post=15"}],"version-history":[{"count":41,"href":"https:\/\/www.yaggatatam.com\/index.php\/wp-json\/wp\/v2\/pages\/15\/revisions"}],"predecessor-version":[{"id":578,"href":"https:\/\/www.yaggatatam.com\/index.php\/wp-json\/wp\/v2\/pages\/15\/revisions\/578"}],"wp:attachment":[{"href":"https:\/\/www.yaggatatam.com\/index.php\/wp-json\/wp\/v2\/media?parent=15"}],"curies":[{"name":"wp","href":"https:\/\/api.w.org\/{rel}","templated":true}]}}